{"id":216,"date":"2025-03-08T15:42:32","date_gmt":"2025-03-08T08:42:32","guid":{"rendered":"https:\/\/hoidonghuonghungyen-cb.vn\/?page_id=216"},"modified":"2025-03-26T10:48:23","modified_gmt":"2025-03-26T03:48:23","slug":"ban-thuong-truc","status":"publish","type":"page","link":"https:\/\/hoidonghuonghungyen-cb.vn\/index.php\/ban-thuong-truc\/","title":{"rendered":"BAN TH\u01af\u1edcNG TR\u1ef0C \u2013 BCH H\u0110H NHI\u1ec6M K\u1ef2 2023 \u2013 2028"},"content":{"rendered":"\t\t<div data-elementor-type=\"wp-page\" data-elementor-id=\"216\" class=\"elementor elementor-216\" data-elementor-post-type=\"page\">\n\t\t\t\t<div class=\"elementor-element elementor-element-7a4778dd e-flex e-con-boxed e-con e-parent\" data-id=\"7a4778dd\" data-element_type=\"container\" data-e-type=\"container\">\n\t\t\t\t\t<div class=\"e-con-inner\">\n\t\t\t\t<div class=\"elementor-element elementor-element-7e5baf1b elementor-widget elementor-widget-text-editor\" data-id=\"7e5baf1b\" data-element_type=\"widget\" data-e-type=\"widget\" data-widget_type=\"text-editor.default\">\n\t\t\t\t<div class=\"elementor-widget-container\">\n\t\t\t\t\t\t\t\t\t\n<p>Ban th\u01b0\u1eddng tr\u1ef1c g\u1ed3m c\u00e1c th\u00e0nh vi\u00ean sau:<\/p>\n\n<figure class=\"wp-block-table\">\n<table class=\"has-white-background-color has-background\">\n<tbody>\n<tr>\n<td><strong>STT<\/strong><\/td>\n<td><strong>H\u1ecd t\u00ean<\/strong><\/td>\n<td><strong>Ch\u1ee9c v\u1ee5<\/strong><\/td>\n<td><strong>S\u0110T li\u00ean h\u1ec7<\/strong><\/td>\n<\/tr>\n<tr>\n<td>1<\/td>\n<td>Ch\u00fa L\u01b0\u01a1ng Xu\u00e2n Ng\u00e1t<\/td>\n<td>Ch\u1ee7 t\u1ecbch h\u1ed9i<\/td>\n<td>0813324619<\/td>\n<\/tr>\n<tr>\n<td>2<\/td>\n<td>Ch\u00fa Minh<\/td>\n<td>Ph\u00f3 ch\u1ee7 t\u1ecbch h\u1ed9i<\/td>\n<td>0853249713<\/td>\n<\/tr>\n<\/tbody>\n<\/table>\n<\/figure>\n\t\t\t\t\t\t\t\t<\/div>\n\t\t\t\t<\/div>\n\t\t\t\t\t<\/div>\n\t\t\t\t<\/div>\n\t\t\t\t<\/div>\n\t\t","protected":false},"excerpt":{"rendered":"<p>Ban th\u01b0\u1eddng tr\u1ef1c g\u1ed3m c\u00e1c th\u00e0nh vi\u00ean sau: STT H\u1ecd t\u00ean Ch\u1ee9c v\u1ee5 S\u0110T li\u00ean h\u1ec7 1 Ch\u00fa L\u01b0\u01a1ng Xu\u00e2n Ng\u00e1t Ch\u1ee7 t\u1ecbch h\u1ed9i 0813324619 2 Ch\u00fa Minh Ph\u00f3 ch\u1ee7 t\u1ecbch h\u1ed9i 0853249713<\/p>\n","protected":false},"author":1,"featured_media":0,"parent":0,"menu_order":0,"comment_status":"closed","ping_status":"closed","template":"","meta":{"footnotes":""},"class_list":["post-216","page","type-page","status-publish","hentry"],"_links":{"self":[{"href":"https:\/\/hoidonghuonghungyen-cb.vn\/index.php\/wp-json\/wp\/v2\/pages\/216","targetHints":{"allow":["GET"]}}],"collection":[{"href":"https:\/\/hoidonghuonghungyen-cb.vn\/index.php\/wp-json\/wp\/v2\/pages"}],"about":[{"href":"https:\/\/hoidonghuonghungyen-cb.vn\/index.php\/wp-json\/wp\/v2\/types\/page"}],"author":[{"embeddable":true,"href":"https:\/\/hoidonghuonghungyen-cb.vn\/index.php\/wp-json\/wp\/v2\/users\/1"}],"replies":[{"embeddable":true,"href":"https:\/\/hoidonghuonghungyen-cb.vn\/index.php\/wp-json\/wp\/v2\/comments?post=216"}],"version-history":[{"count":5,"href":"https:\/\/hoidonghuonghungyen-cb.vn\/index.php\/wp-json\/wp\/v2\/pages\/216\/revisions"}],"predecessor-version":[{"id":509,"href":"https:\/\/hoidonghuonghungyen-cb.vn\/index.php\/wp-json\/wp\/v2\/pages\/216\/revisions\/509"}],"wp:attachment":[{"href":"https:\/\/hoidonghuonghungyen-cb.vn\/index.php\/wp-json\/wp\/v2\/media?parent=216"}],"curies":[{"name":"wp","href":"https:\/\/api.w.org\/{rel}","templated":true}]}}