{"id":13,"date":"2025-03-01T08:19:43","date_gmt":"2025-03-01T08:19:43","guid":{"rendered":"https:\/\/hoidonghuonghungyen-cb.vn\/?page_id=13"},"modified":"2025-03-08T15:09:59","modified_gmt":"2025-03-08T08:09:59","slug":"gioi-thieu","status":"publish","type":"page","link":"https:\/\/hoidonghuonghungyen-cb.vn\/index.php\/gioi-thieu\/","title":{"rendered":"Gi\u1edbi thi\u1ec7u"},"content":{"rendered":"\n<p>H\u1ed9i \u0110\u1ed3ng h\u01b0\u01a1ng H\u01b0ng Y\u00ean t\u1ea1i Cao B\u1eb1ng th\u00e0nh l\u1eadp n\u0103m 1998, \u0111\u1ebfn nay c\u00f3 g\u1ea7n 100 h\u1ed9i vi\u00ean, sinh ho\u1ea1t t\u1ea1i 4 chi h\u1ed9i. H\u1ed9i lu\u00f4n t\u00edch c\u1ef1c tham gia c\u00f4ng t\u00e1c \u0111\u1ecba ph\u01b0\u01a1ng; ph\u00e1t tri\u1ec3n kinh t\u1ebf, gi\u1ea3m ngh\u00e8o, l\u00e0m gi\u00e0u ch\u00ednh \u0111\u00e1ng\u2026\u00a0\u0110\u1eddi s\u1ed1ng c\u00e1c gia \u0111\u00ecnh h\u1ed9i vi\u00ean ng\u00e0y\u00a0c\u00e0ng n\u00e2ng cao, kh\u00f4ng c\u00f3 h\u1ed9 ngh\u00e8o; h\u1eb1ng n\u0103m c\u00f3 tr\u00ean 90% gia \u0111\u00ecnh h\u1ed9i vi\u00ean \u0111\u1ea1t Gia \u0111\u00ecnh v\u0103n h\u00f3a.<\/p>\n\n\n\n<p><\/p>\n","protected":false},"excerpt":{"rendered":"<p>H\u1ed9i \u0110\u1ed3ng h\u01b0\u01a1ng H\u01b0ng Y\u00ean t\u1ea1i Cao B\u1eb1ng th\u00e0nh l\u1eadp n\u0103m 1998, \u0111\u1ebfn nay c\u00f3 g\u1ea7n 100 h\u1ed9i vi\u00ean, sinh ho\u1ea1t t\u1ea1i 4 chi h\u1ed9i. H\u1ed9i lu\u00f4n t\u00edch c\u1ef1c tham gia c\u00f4ng t\u00e1c \u0111\u1ecba ph\u01b0\u01a1ng; ph\u00e1t tri\u1ec3n kinh t\u1ebf, gi\u1ea3m ngh\u00e8o, l\u00e0m gi\u00e0u ch\u00ednh \u0111\u00e1ng\u2026\u00a0\u0110\u1eddi s\u1ed1ng c\u00e1c gia \u0111\u00ecnh h\u1ed9i vi\u00ean ng\u00e0y\u00a0c\u00e0ng n\u00e2ng cao, kh\u00f4ng [&hellip;]<\/p>\n","protected":false},"author":1,"featured_media":0,"parent":0,"menu_order":0,"comment_status":"closed","ping_status":"closed","template":"","meta":{"footnotes":""},"class_list":["post-13","page","type-page","status-publish","hentry"],"_links":{"self":[{"href":"https:\/\/hoidonghuonghungyen-cb.vn\/index.php\/wp-json\/wp\/v2\/pages\/13","targetHints":{"allow":["GET"]}}],"collection":[{"href":"https:\/\/hoidonghuonghungyen-cb.vn\/index.php\/wp-json\/wp\/v2\/pages"}],"about":[{"href":"https:\/\/hoidonghuonghungyen-cb.vn\/index.php\/wp-json\/wp\/v2\/types\/page"}],"author":[{"embeddable":true,"href":"https:\/\/hoidonghuonghungyen-cb.vn\/index.php\/wp-json\/wp\/v2\/users\/1"}],"replies":[{"embeddable":true,"href":"https:\/\/hoidonghuonghungyen-cb.vn\/index.php\/wp-json\/wp\/v2\/comments?post=13"}],"version-history":[{"count":3,"href":"https:\/\/hoidonghuonghungyen-cb.vn\/index.php\/wp-json\/wp\/v2\/pages\/13\/revisions"}],"predecessor-version":[{"id":210,"href":"https:\/\/hoidonghuonghungyen-cb.vn\/index.php\/wp-json\/wp\/v2\/pages\/13\/revisions\/210"}],"wp:attachment":[{"href":"https:\/\/hoidonghuonghungyen-cb.vn\/index.php\/wp-json\/wp\/v2\/media?parent=13"}],"curies":[{"name":"wp","href":"https:\/\/api.w.org\/{rel}","templated":true}]}}